{"id":112,"date":"2018-09-18T15:08:01","date_gmt":"2018-09-18T13:08:01","guid":{"rendered":"http:\/\/www.lohi-connect.de\/?page_id=112"},"modified":"2021-03-04T09:29:21","modified_gmt":"2021-03-04T08:29:21","slug":"relaunch","status":"publish","type":"page","link":"https:\/\/www.lohi-connect.de\/","title":{"rendered":"App 2.0 ab Oktober &#8217;18"},"content":{"rendered":"\n\n\t<h1>Weil&#8217;s locker, leicht und sicher geht.<\/h1>\n<p>&nbsp;<\/p>\n<p>Steuerdaten\u00fcbertragung mit Lohi-Connect: <strong>Mitgliederportal<\/strong> und <strong>Lohi-App<\/strong>.<\/p>\n\t\t\t\t<img loading=\"lazy\" decoding=\"async\" src=\"http:\/\/www.lohi-connect.de\/wp-content\/uploads\/sites\/9\/2018\/09\/lohi-connect-app.png\" alt=\"lohi-connect-app\" itemprop=\"image\" height=\"1138\" width=\"690\" title=\"lohi-connect-app\" onerror=\"this.style.display='none'\"  \/>\n\t<p>Nichts, aber auch gar nichts haben sensible Steuerunterlagen andere als Sie selbst zu interessieren.<\/p>\n\n\n\n\n\n\n\n<p>Das sichere Lohi-Connect aus Mitgliederportal und Lohi-App sch\u00fctzt Ihre pers\u00f6nlichen Daten effektiv und sicher vor den Blicken, der Kenntnis und vor allem dem Missbrauch durch Dritte.<\/p>\n\n<p>Nutzen Sie das dreifach verschl\u00fcsselte Lohi-System zur Sicherheit Ihrer pers\u00f6nlichen Daten.<\/p>\n\t<h2><strong>Neu:<\/strong> ab sofort mit Zusatzfunktionen, z. B. <strong>Checkliste f\u00fcr Ihre Steuererkl\u00e4rung<\/strong>.<\/h2>\n\t\t\t\t\t\t\t\t<a href=\"https:\/\/itunes.apple.com\/de\/app\/lohi-connect\/id927472867\" target=\"_self\" rel=\"noopener\">\n\t\t\t\t\t\t<\/a>\n\t<h3><a href=\"https:\/\/itunes.apple.com\/de\/app\/lohi-connect\/id927472867\" target=\"_blank\" rel=\"noopener\">iOS Download<\/a><\/h3>\t\t\n\t\t\t\t\t\t\t\t<a href=\"https:\/\/play.google.com\/store\/apps\/details?id=de.lohiapp.lohiconnect&#038;hl=de\" target=\"_self\" rel=\"noopener\">\n\t\t\t\t\t\t<\/a>\n\t<h3><a href=\"https:\/\/play.google.com\/store\/apps\/details?id=de.lohiapp.lohiconnect&#038;hl=de\" target=\"_blank\" rel=\"noopener\">Android Download<\/a><\/h3>\t\t\n\t\t<h3><a href=\"https:\/\/www.lohi.de\" target=\"_blank\" rel=\"noopener\">Die Lohi macht Ihr Steuerleben leicht.<\/a><\/h3>\t\t\n\t\t\t<p>Wir k\u00fcmmern uns um Ihre Steuererkl\u00e4rung. Und Sie sparen richtig Steuern. Mit nahezu 700.000 Mitgliedern ist die Lohi einer der gr\u00f6\u00dften Lohnsteuerhilfevereine in Deutschland. Sie alle vertrauen uns ihre Einkommensteuererkl\u00e4rung an, weil sie wissen, dass sie von der Lohi rund um das Thema Steuern besonders kompetent und umfassend beraten werden &#8211; was auch unser Anspruch ist.<\/p>\n\t\t\t<a href=\"https:\/\/www.lohi.de\" target=\"_blank\" role=\"button\" rel=\"noopener\">\n\t\t\t\t\t\t\tmehr \u00fcber die Lohi erfahren\n\t\t\t\t\t<\/a>\n\t\t\t\t<a href=\"https:\/\/www.lohi.de\" target=\"_blank\" rel=\"noopener\" itemprop=\"url\">\n\t\t\t\t<img loading=\"lazy\" decoding=\"async\" src=\"https:\/\/www.lohi-connect.de\/wp-content\/uploads\/2021\/03\/1.png\" alt=\"1\" itemprop=\"image\" height=\"433\" width=\"565\" title=\"1\" onerror=\"this.style.display='none'\"  \/>\n\t\t\t\t<\/a>\n\t<h2>So schnell kommen Sie ins Portal<\/h2>\n\n<p>Sie bekommen von der Beratungsstelle einen Aktivierungsschl\u00fcssel in gedruckter Form. Gleichzeitig senden wir Ihnen auf Ihren E-Mail-Account einen Aktivierungslink. Den klicken Sie an und geben den 6-stelligen Aktivierungsschl\u00fcssel ein.<\/p>\n\n<p>Jetzt geben Sie noch ihr individuelles (nicht zu simples) Passwort ein. Schon sind Ihre Daten in Sicherheit. Das war&#8217;s.<\/p>\n\n<p>\u00dcbertragen Sie Ihre Daten sicher und verschl\u00fcsselt an die Lohi. Vom PC oder mit der Lohi-App auch vom Smartphone aus.<\/p>\n\t\t\t\t<img loading=\"lazy\" decoding=\"async\" src=\"http:\/\/www.lohi-connect.de\/wp-content\/uploads\/sites\/9\/2018\/09\/datenschutzgarantie.png\" alt=\"datenschutzgarantie\" itemprop=\"image\" height=\"387\" width=\"450\" title=\"datenschutzgarantie\" onerror=\"this.style.display='none'\"  \/>\n\t<h2>Jetzt ab zur App, so einfach geht&#8217;s<\/h2>\n\n<p>Die Lohi-App im App Store runterladen f\u00fcr Android und iOS-Betriebssysteme (nat\u00fcrlich kostenlos). Infos auch unter www.lohi-connect.de<\/p>\n\n<p>Jetzt verbinden Sie sich einfach \u00fcber die App mit dem Mitgliederportal, fotografieren dann Ihre Dokumente &#8211; wenn n\u00f6tig, k\u00f6nnen Sie diese hier sogar noch zuschneiden -, fertig.<\/p>\n\n<p>Dann laden Sie alle Daten mit dem Smartphone direkt zur Lohi hoch. Perfekt. Einfacher, komfortabler und vor allem sicherer geht es nicht mehr.<\/p>\n<p>&nbsp;<\/p>\n<hr \/>\n<h3>Features der App:<\/h3>\n\n<ul> \t\n<li>\n<h4>Verschl\u00fcsselte Daten\u00fcbertragung<\/h4>\n<\/li>\n<p> \t<\/p>\n<li>\n<h4>Checkliste f\u00fcr Ihre Steuererkl\u00e4rung<\/h4>\n<\/li>\n<p> \t<\/p>\n<li>\n<h4>sichere Archivierung im Portal &#8211; nicht auf dem Smartphone<\/h4>\n<\/li>\n<p> \t<\/p>\n<li>\n<h4>absolut kostenlos<\/h4>\n<\/li>\n<\/ul>\n\n<h4><\/h4>\n<h2>\n\t\tJetzt kostenlos im Store zum Download.\n\t<\/h2>\n\t\t\t\t\t\t\t\t<a href=\"https:\/\/itunes.apple.com\/de\/app\/lohi-connect\/id927472867\" target=\"_self\" rel=\"noopener\">\n\t\t\t\t\t\t<\/a>\n\t<h3><a href=\"https:\/\/itunes.apple.com\/de\/app\/lohi-connect\/id927472867\" target=\"_blank\" rel=\"noopener\">iOS Download<\/a><\/h3>\t\t\n\t\t\t\t\t\t\t\t<a href=\"https:\/\/play.google.com\/store\/apps\/details?id=de.lohiapp.lohiconnect&#038;hl=de\" target=\"_self\" rel=\"noopener\">\n\t\t\t\t\t\t<\/a>\n\t<h3><a href=\"https:\/\/play.google.com\/store\/apps\/details?id=de.lohiapp.lohiconnect&#038;hl=de\" target=\"_blank\" rel=\"noopener\">Android Download<\/a><\/h3>\t\t\n\n","protected":false},"excerpt":{"rendered":"<p>Weil&#8217;s locker, leicht und sicher geht. &nbsp; Steuerdaten\u00fcbertragung mit Lohi-Connect: Mitgliederportal und Lohi-App. Nichts, aber auch gar nichts haben sensible Steuerunterlagen andere als Sie selbst zu interessieren. Das sichere Lohi-Connect aus Mitgliederportal und Lohi-App sch\u00fctzt Ihre pers\u00f6nlichen Daten effektiv und sicher vor den Blicken, der Kenntnis und vor allem dem Missbrauch durch Dritte. Nutzen Sie&hellip;<\/p>\n","protected":false},"author":1,"featured_media":0,"parent":0,"menu_order":0,"comment_status":"closed","ping_status":"closed","template":"","meta":{"footnotes":""},"class_list":["post-112","page","type-page","status-publish","hentry"],"_links":{"self":[{"href":"https:\/\/www.lohi-connect.de\/index.php?rest_route=\/wp\/v2\/pages\/112","targetHints":{"allow":["GET"]}}],"collection":[{"href":"https:\/\/www.lohi-connect.de\/index.php?rest_route=\/wp\/v2\/pages"}],"about":[{"href":"https:\/\/www.lohi-connect.de\/index.php?rest_route=\/wp\/v2\/types\/page"}],"author":[{"embeddable":true,"href":"https:\/\/www.lohi-connect.de\/index.php?rest_route=\/wp\/v2\/users\/1"}],"replies":[{"embeddable":true,"href":"https:\/\/www.lohi-connect.de\/index.php?rest_route=%2Fwp%2Fv2%2Fcomments&post=112"}],"version-history":[{"count":3,"href":"https:\/\/www.lohi-connect.de\/index.php?rest_route=\/wp\/v2\/pages\/112\/revisions"}],"predecessor-version":[{"id":135,"href":"https:\/\/www.lohi-connect.de\/index.php?rest_route=\/wp\/v2\/pages\/112\/revisions\/135"}],"wp:attachment":[{"href":"https:\/\/www.lohi-connect.de\/index.php?rest_route=%2Fwp%2Fv2%2Fmedia&parent=112"}],"curies":[{"name":"wp","href":"https:\/\/api.w.org\/{rel}","templated":true}]}}